{"id":111,"date":"2021-06-22T10:24:37","date_gmt":"2021-06-22T09:24:37","guid":{"rendered":"https:\/\/photogravuremartin.com\/jpmartin\/?page_id=111"},"modified":"2022-03-08T14:46:25","modified_gmt":"2022-03-08T13:46:25","slug":"contact","status":"publish","type":"page","link":"https:\/\/photogravuremartin.com\/jpmartin\/contact\/","title":{"rendered":"CONTACT"},"content":{"rendered":"\t\t<div data-elementor-type=\"wp-page\" data-elementor-id=\"111\" class=\"elementor elementor-111\">\n\t\t\t\t\t\t\t\t\t<section class=\"elementor-section elementor-top-section elementor-element elementor-element-46bacc2 elementor-section-boxed elementor-section-height-default elementor-section-height-default\" data-id=\"46bacc2\" data-element_type=\"section\">\n\t\t\t\t\t\t<div class=\"elementor-container elementor-column-gap-default\">\n\t\t\t\t\t<div class=\"elementor-column elementor-col-100 elementor-top-column elementor-element elementor-element-cd12520\" data-id=\"cd12520\" data-element_type=\"column\">\n\t\t\t<div class=\"elementor-widget-wrap elementor-element-populated\">\n\t\t\t\t\t\t\t\t<div class=\"elementor-element elementor-element-794dd9e elementor-widget elementor-widget-heading\" data-id=\"794dd9e\" data-element_type=\"widget\" data-widget_type=\"heading.default\">\n\t\t\t\t<div class=\"elementor-widget-container\">\n\t\t\t<h2 class=\"elementor-heading-title elementor-size-default\">UNE EQUIPE A VOTRE ECOUTE ! <\/h2>\t\t<\/div>\n\t\t\t\t<\/div>\n\t\t\t\t\t<\/div>\n\t\t<\/div>\n\t\t\t\t\t\t\t<\/div>\n\t\t<\/section>\n\t\t\t\t<section class=\"elementor-section elementor-top-section elementor-element elementor-element-009b596 elementor-section-boxed elementor-section-height-default elementor-section-height-default\" data-id=\"009b596\" data-element_type=\"section\">\n\t\t\t\t\t\t<div class=\"elementor-container elementor-column-gap-default\">\n\t\t\t\t\t<div class=\"elementor-column elementor-col-100 elementor-top-column elementor-element elementor-element-715dc41\" data-id=\"715dc41\" data-element_type=\"column\">\n\t\t\t<div class=\"elementor-widget-wrap elementor-element-populated\">\n\t\t\t\t\t\t\t\t<div class=\"elementor-element elementor-element-63330c2 elementor-widget elementor-widget-wp-widget-frm_show_form\" data-id=\"63330c2\" data-element_type=\"widget\" data-widget_type=\"wp-widget-frm_show_form.default\">\n\t\t\t\t<div class=\"elementor-widget-container\">\n\t\t\t<div class=\"frm_form_widget\"><div class=\"frm_forms  with_frm_style frm_style_style-formidable\" id=\"frm_form_1_container\" >\n<form enctype=\"multipart\/form-data\" method=\"post\" class=\"frm-show-form \" id=\"form_contact-form\" >\n<div class=\"frm_form_fields \">\n<fieldset>\n<legend class=\"frm_screen_reader\">Contactez-nous<\/legend>\r\n\r\n<div class=\"frm_fields_container\">\n<input type=\"hidden\" name=\"frm_action\" value=\"create\" \/>\n<input type=\"hidden\" name=\"form_id\" value=\"1\" \/>\n<input type=\"hidden\" name=\"frm_hide_fields_1\" id=\"frm_hide_fields_1\" value=\"\" \/>\n<input type=\"hidden\" name=\"form_key\" value=\"contact-form\" \/>\n<input type=\"hidden\" name=\"item_meta[0]\" value=\"\" \/>\n<input type=\"hidden\" id=\"frm_submit_entry_1\" name=\"frm_submit_entry_1\" value=\"6902c7ed11\" \/><input type=\"hidden\" name=\"_wp_http_referer\" value=\"\/jpmartin\/wp-json\/wp\/v2\/pages\/111\" \/><div id=\"frm_field_2_container\" class=\"frm_form_field form-field  frm_required_field frm_top_container frm_half\">\r\n    <label for=\"field_ocfup1\" id=\"field_ocfup1_label\" class=\"frm_primary_label\">Nom\r\n        <span class=\"frm_required\" aria-hidden=\"true\">*<\/span>\r\n    <\/label>\r\n    <input type=\"text\" id=\"field_ocfup1\" name=\"item_meta[2]\" value=\"\"  style=\"width:500 px\" data-reqmsg=\"Ce champ ne peut pas \u00eatre vide\" aria-required=\"true\" data-invmsg=\"Last est non valide\" class=\"auto_width\" aria-invalid=\"false\"   aria-describedby=\"frm_desc_field_ocfup1\"\/>\r\n    <div class=\"frm_description\" id=\"frm_desc_field_ocfup1\">Veuillez renseigner votre nom<\/div>\r\n    \r\n<\/div>\n<div id=\"frm_field_1_container\" class=\"frm_form_field form-field  frm_required_field frm_top_container frm_first frm_half\">\r\n    <label for=\"field_qh4icy\" id=\"field_qh4icy_label\" class=\"frm_primary_label\">Pr\u00e9nom\r\n        <span class=\"frm_required\" aria-hidden=\"true\">*<\/span>\r\n    <\/label>\r\n    <input type=\"text\" id=\"field_qh4icy\" name=\"item_meta[1]\" value=\"\"  style=\"width:500 px\" data-reqmsg=\"Ce champ ne peut pas \u00eatre vide\" aria-required=\"true\" data-invmsg=\"Name est non valide\" class=\"auto_width\" aria-invalid=\"false\"   aria-describedby=\"frm_desc_field_qh4icy\"\/>\r\n    <div class=\"frm_description\" id=\"frm_desc_field_qh4icy\">Veuillez renseigner votre pr\u00e9nom<\/div>\r\n    \r\n<\/div>\n<div id=\"frm_field_10_container\" class=\"frm_form_field form-field  frm_top_container\">\r\n    <label for=\"field_x7ctz\" id=\"field_x7ctz_label\" class=\"frm_primary_label\">T\u00e9l\u00e9phone\r\n        <span class=\"frm_required\" aria-hidden=\"true\"><\/span>\r\n    <\/label>\r\n    <input type=\"tel\" id=\"field_x7ctz\" name=\"item_meta[10]\" value=\"\"  style=\"width:500 px\" data-invmsg=\"T\u00e9l\u00e9phone est non valide\" class=\"auto_width\" aria-invalid=\"false\" pattern=\"((\\+\\d{1,3}(-|.| )?\\(?\\d\\)?(-| |.)?\\d{1,5})|(\\(?\\d{2,6}\\)?))(-|.| )?(\\d{3,4})(-|.| )?(\\d{4})(( x| ext)\\d{1,5}){0,1}$\"   aria-describedby=\"frm_desc_field_x7ctz\"\/>\r\n    <div class=\"frm_description\" id=\"frm_desc_field_x7ctz\">Veuillez renseigner votre t\u00e9l\u00e9phone<\/div>\r\n    \r\n<\/div>\n<div id=\"frm_field_3_container\" class=\"frm_form_field form-field  frm_required_field frm_top_container frm_full\">\r\n    <label for=\"field_29yf4d\" id=\"field_29yf4d_label\" class=\"frm_primary_label\">Email\r\n        <span class=\"frm_required\" aria-hidden=\"true\">*<\/span>\r\n    <\/label>\r\n    <input type=\"email\" id=\"field_29yf4d\" name=\"item_meta[3]\" value=\"\"  style=\"width:500 px\" data-reqmsg=\"Ce champ ne peut pas \u00eatre vide\" aria-required=\"true\" data-invmsg=\"Please enter a valid email address\" class=\"auto_width\" aria-invalid=\"false\"   aria-describedby=\"frm_desc_field_29yf4d\"\/>\r\n    <div class=\"frm_description\" id=\"frm_desc_field_29yf4d\">Veuillez renseigner votre mail.<\/div>\r\n    \r\n<\/div>\n<div id=\"frm_field_7_container\" class=\"frm_form_field form-field  frm_top_container vertical_radio\">\r\n    <div  id=\"field_42r91_label\" class=\"frm_primary_label\">Votre demande concerne\r\n        <span class=\"frm_required\" aria-hidden=\"true\"><\/span>\r\n    <\/div>\r\n    <div class=\"frm_opt_container\" aria-labelledby=\"field_42r91_label\" role=\"group\">\t\t<div class=\"frm_checkbox\" id=\"frm_checkbox_7-0\">\t\t\t<label  for=\"field_42r91-0\">\n\t\t\t<input type=\"checkbox\" name=\"item_meta[7][]\" id=\"field_42r91-0\" value=\"la gravure textile\"  data-invmsg=\"Votre demande concerne est non valide\"   \/> la gravure textile<\/label><\/div>\n\t\t<div class=\"frm_checkbox\" id=\"frm_checkbox_7-1\">\t\t\t<label  for=\"field_42r91-1\">\n\t\t\t<input type=\"checkbox\" name=\"item_meta[7][]\" id=\"field_42r91-1\" value=\"la gravure verre\"  data-invmsg=\"Votre demande concerne est non valide\"   \/> la gravure verre<\/label><\/div>\n\t\t<div class=\"frm_checkbox\" id=\"frm_checkbox_7-2\">\t\t\t<label  for=\"field_42r91-2\">\n\t\t\t<input type=\"checkbox\" name=\"item_meta[7][]\" id=\"field_42r91-2\" value=\"la s\u00e9rigraphie - publicit\u00e9\"  data-invmsg=\"Votre demande concerne est non valide\"   \/> la s\u00e9rigraphie - publicit\u00e9<\/label><\/div>\n\t\t<div class=\"frm_checkbox\" id=\"frm_checkbox_7-3\">\t\t\t<label  for=\"field_42r91-3\">\n\t\t\t<input type=\"checkbox\" name=\"item_meta[7][]\" id=\"field_42r91-3\" value=\"une autre demande\"  data-invmsg=\"Votre demande concerne est non valide\"   \/> une autre demande<\/label><\/div>\n<\/div>\r\n    \r\n    \r\n<\/div>\n<div id=\"frm_field_5_container\" class=\"frm_form_field form-field  frm_required_field frm_top_container frm_full\">\r\n    <label for=\"field_9jv0r1\" id=\"field_9jv0r1_label\" class=\"frm_primary_label\">Message\r\n        <span class=\"frm_required\" aria-hidden=\"true\">*<\/span>\r\n    <\/label>\r\n    <textarea name=\"item_meta[5]\" id=\"field_9jv0r1\" rows=\"5\"  data-reqmsg=\"Ce champ ne peut pas \u00eatre vide\" aria-required=\"true\" data-invmsg=\"Message est non valide\" aria-invalid=\"false\"  ><\/textarea>\r\n    \r\n    \r\n<\/div>\n<div id=\"frm_field_11_container\" class=\"frm_form_field form-field  frm_none_container\">\r\n    <label for=\"g-recaptcha-response\" id=\"field_gv6b4_label\" class=\"frm_primary_label\">reCAPTCHA\r\n        <span class=\"frm_required\" aria-hidden=\"true\"><\/span>\r\n    <\/label>\r\n    <div  id=\"field_gv6b4\" class=\"frm-g-recaptcha\" data-sitekey=\"6LfEe1AbAAAAAGvXEU-biOr9hWdyKnllmF_4wfDV\" data-size=\"invisible\" data-theme=\"light\"><\/div>\r\n    \r\n    \r\n<\/div>\n\t<input type=\"hidden\" name=\"item_key\" value=\"\" \/>\n\t\t\t<div id=\"frm_field_12_container\">\n\t\t\t<label for=\"field_negu9\" >\n\t\t\t\tSi vous \u00eates un humain, ne remplissez pas ce champ.\t\t\t<\/label>\n\t\t\t<input  id=\"field_negu9\" type=\"text\" class=\"frm_form_field form-field frm_verify\" name=\"item_meta[12]\" value=\"\"  \/>\n\t\t<\/div>\n\t\t<input name=\"frm_state\" type=\"hidden\" value=\"vY1OlJAzDunT2VuGbx6LW4rqF5qroTxWGNhRmS+cIp8=\" \/><div class=\"frm_submit\">\r\n\r\n<button class=\"frm_button_submit\" type=\"submit\"  >Envoyer<\/button>\r\n\r\n<\/div><\/div>\n<\/fieldset>\n<\/div>\n\n<\/form>\n<\/div>\n<\/div>\t\t<\/div>\n\t\t\t\t<\/div>\n\t\t\t\t\t<\/div>\n\t\t<\/div>\n\t\t\t\t\t\t\t<\/div>\n\t\t<\/section>\n\t\t\t\t<section class=\"elementor-section elementor-top-section elementor-element elementor-element-1ccde51 elementor-section-boxed elementor-section-height-default elementor-section-height-default\" data-id=\"1ccde51\" data-element_type=\"section\">\n\t\t\t\t\t\t<div class=\"elementor-container elementor-column-gap-default\">\n\t\t\t\t\t<div class=\"elementor-column elementor-col-100 elementor-top-column elementor-element elementor-element-b5c70a6\" data-id=\"b5c70a6\" data-element_type=\"column\">\n\t\t\t<div class=\"elementor-widget-wrap elementor-element-populated\">\n\t\t\t\t\t\t\t\t<div class=\"elementor-element elementor-element-1235597 elementor-widget-divider--view-line_text elementor-widget-divider--element-align-center elementor-widget elementor-widget-divider\" data-id=\"1235597\" data-element_type=\"widget\" data-widget_type=\"divider.default\">\n\t\t\t\t<div class=\"elementor-widget-container\">\n\t\t\t\t\t<div class=\"elementor-divider\">\n\t\t\t<span class=\"elementor-divider-separator\">\n\t\t\t\t\t\t\t<span class=\"elementor-divider__text elementor-divider__element\">\n\t\t\t\tNOUS TROUVER \t\t\t\t<\/span>\n\t\t\t\t\t\t<\/span>\n\t\t<\/div>\n\t\t\t\t<\/div>\n\t\t\t\t<\/div>\n\t\t\t\t\t<\/div>\n\t\t<\/div>\n\t\t\t\t\t\t\t<\/div>\n\t\t<\/section>\n\t\t\t\t<section class=\"elementor-section elementor-top-section elementor-element elementor-element-121057f elementor-section-boxed elementor-section-height-default elementor-section-height-default\" data-id=\"121057f\" data-element_type=\"section\">\n\t\t\t\t\t\t<div class=\"elementor-container elementor-column-gap-default\">\n\t\t\t\t\t<div class=\"elementor-column elementor-col-100 elementor-top-column elementor-element elementor-element-26e2243\" data-id=\"26e2243\" data-element_type=\"column\">\n\t\t\t<div class=\"elementor-widget-wrap elementor-element-populated\">\n\t\t\t\t\t\t\t\t<div class=\"elementor-element elementor-element-91d85f4 elementor-widget elementor-widget-google_maps\" data-id=\"91d85f4\" data-element_type=\"widget\" data-widget_type=\"google_maps.default\">\n\t\t\t\t<div class=\"elementor-widget-container\">\n\t\t\t\t\t<div class=\"elementor-custom-embed\">\n\t\t\t<iframe loading=\"lazy\"\n\t\t\t\t\tsrc=\"https:\/\/maps.google.com\/maps?q=310%20chemin%20de%20pr%C3%A9%20piraud%2038300%20ST-SAVIN&#038;t=m&#038;z=10&#038;output=embed&#038;iwloc=near\"\n\t\t\t\t\ttitle=\"310 chemin de pr\u00e9 piraud 38300 ST-SAVIN\"\n\t\t\t\t\taria-label=\"310 chemin de pr\u00e9 piraud 38300 ST-SAVIN\"\n\t\t\t><\/iframe>\n\t\t<\/div>\n\t\t\t\t<\/div>\n\t\t\t\t<\/div>\n\t\t\t\t\t<\/div>\n\t\t<\/div>\n\t\t\t\t\t\t\t<\/div>\n\t\t<\/section>\n\t\t\t\t\t\t\t<\/div>\n\t\t","protected":false},"excerpt":{"rendered":"<p>UNE EQUIPE A VOTRE ECOUTE ! NOUS TROUVER<\/p>\n","protected":false},"author":1,"featured_media":0,"parent":0,"menu_order":0,"comment_status":"closed","ping_status":"closed","template":"page-templates\/template-page-sidebar.php","meta":{"ngg_post_thumbnail":0,"footnotes":""},"class_list":["post-111","page","type-page","status-publish","hentry"],"yoast_head":"<!-- This site is optimized with the Yoast SEO plugin v24.9 - https:\/\/yoast.com\/wordpress\/plugins\/seo\/ -->\n<title>photogravure Bourgoin Jallieu - entreprise impression textile - verriers<\/title>\n<meta name=\"description\" content=\"N&#039;h\u00e9sitez pas \u00e0 prendre contact pour plus de renseignements. Dernier professionnel ind\u00e9pendant dans le domaine de la gravure textile\" \/>\n<meta name=\"robots\" content=\"index, follow, max-snippet:-1, max-image-preview:large, max-video-preview:-1\" \/>\n<link rel=\"canonical\" href=\"https:\/\/photogravuremartin.com\/jpmartin\/contact\/\" \/>\n<meta property=\"og:locale\" content=\"fr_FR\" \/>\n<meta property=\"og:type\" content=\"article\" \/>\n<meta property=\"og:title\" content=\"photogravure Bourgoin Jallieu - entreprise impression textile - verriers\" \/>\n<meta property=\"og:description\" content=\"N&#039;h\u00e9sitez pas \u00e0 prendre contact pour plus de renseignements. Dernier professionnel ind\u00e9pendant dans le domaine de la gravure textile\" \/>\n<meta property=\"og:url\" content=\"https:\/\/photogravuremartin.com\/jpmartin\/contact\/\" \/>\n<meta property=\"article:publisher\" content=\"https:\/\/www.facebook.com\/serigraphiemartin\" \/>\n<meta property=\"article:modified_time\" content=\"2022-03-08T13:46:25+00:00\" \/>\n<meta name=\"twitter:label1\" content=\"Dur\u00e9e de lecture estim\u00e9e\" \/>\n\t<meta name=\"twitter:data1\" content=\"1 minute\" \/>\n<script type=\"application\/ld+json\" class=\"yoast-schema-graph\">{\"@context\":\"https:\/\/schema.org\",\"@graph\":[{\"@type\":\"WebPage\",\"@id\":\"https:\/\/photogravuremartin.com\/jpmartin\/contact\/\",\"url\":\"https:\/\/photogravuremartin.com\/jpmartin\/contact\/\",\"name\":\"photogravure Bourgoin Jallieu - entreprise impression textile - verriers\",\"isPartOf\":{\"@id\":\"https:\/\/photogravuremartin.com\/jpmartin\/#website\"},\"datePublished\":\"2021-06-22T09:24:37+00:00\",\"dateModified\":\"2022-03-08T13:46:25+00:00\",\"description\":\"N'h\u00e9sitez pas \u00e0 prendre contact pour plus de renseignements. Dernier professionnel ind\u00e9pendant dans le domaine de la gravure textile\",\"breadcrumb\":{\"@id\":\"https:\/\/photogravuremartin.com\/jpmartin\/contact\/#breadcrumb\"},\"inLanguage\":\"fr-FR\",\"potentialAction\":[{\"@type\":\"ReadAction\",\"target\":[\"https:\/\/photogravuremartin.com\/jpmartin\/contact\/\"]}]},{\"@type\":\"BreadcrumbList\",\"@id\":\"https:\/\/photogravuremartin.com\/jpmartin\/contact\/#breadcrumb\",\"itemListElement\":[{\"@type\":\"ListItem\",\"position\":1,\"name\":\"Accueil\",\"item\":\"https:\/\/photogravuremartin.com\/jpmartin\/\"},{\"@type\":\"ListItem\",\"position\":2,\"name\":\"CONTACT\"}]},{\"@type\":\"WebSite\",\"@id\":\"https:\/\/photogravuremartin.com\/jpmartin\/#website\",\"url\":\"https:\/\/photogravuremartin.com\/jpmartin\/\",\"name\":\"\",\"description\":\"Photogravure Martin\",\"publisher\":{\"@id\":\"https:\/\/photogravuremartin.com\/jpmartin\/#organization\"},\"potentialAction\":[{\"@type\":\"SearchAction\",\"target\":{\"@type\":\"EntryPoint\",\"urlTemplate\":\"https:\/\/photogravuremartin.com\/jpmartin\/?s={search_term_string}\"},\"query-input\":{\"@type\":\"PropertyValueSpecification\",\"valueRequired\":true,\"valueName\":\"search_term_string\"}}],\"inLanguage\":\"fr-FR\"},{\"@type\":\"Organization\",\"@id\":\"https:\/\/photogravuremartin.com\/jpmartin\/#organization\",\"name\":\"PHOTOGRAVURE MARTIN\",\"url\":\"https:\/\/photogravuremartin.com\/jpmartin\/\",\"logo\":{\"@type\":\"ImageObject\",\"inLanguage\":\"fr-FR\",\"@id\":\"https:\/\/photogravuremartin.com\/jpmartin\/#\/schema\/logo\/image\/\",\"url\":\"https:\/\/photogravuremartin.com\/jpmartin\/wp-content\/uploads\/2022\/03\/Sans-titre-5.jpg\",\"contentUrl\":\"https:\/\/photogravuremartin.com\/jpmartin\/wp-content\/uploads\/2022\/03\/Sans-titre-5.jpg\",\"width\":600,\"height\":600,\"caption\":\"PHOTOGRAVURE MARTIN\"},\"image\":{\"@id\":\"https:\/\/photogravuremartin.com\/jpmartin\/#\/schema\/logo\/image\/\"},\"sameAs\":[\"https:\/\/www.facebook.com\/serigraphiemartin\",\"https:\/\/www.instagram.com\/serigraphiemartin\",\"https:\/\/www.linkedin.com\/company\/photogravurejp-martin\"]}]}<\/script>\n<!-- \/ Yoast SEO plugin. -->","yoast_head_json":{"title":"photogravure Bourgoin Jallieu - entreprise impression textile - verriers","description":"N'h\u00e9sitez pas \u00e0 prendre contact pour plus de renseignements. Dernier professionnel ind\u00e9pendant dans le domaine de la gravure textile","robots":{"index":"index","follow":"follow","max-snippet":"max-snippet:-1","max-image-preview":"max-image-preview:large","max-video-preview":"max-video-preview:-1"},"canonical":"https:\/\/photogravuremartin.com\/jpmartin\/contact\/","og_locale":"fr_FR","og_type":"article","og_title":"photogravure Bourgoin Jallieu - entreprise impression textile - verriers","og_description":"N'h\u00e9sitez pas \u00e0 prendre contact pour plus de renseignements. Dernier professionnel ind\u00e9pendant dans le domaine de la gravure textile","og_url":"https:\/\/photogravuremartin.com\/jpmartin\/contact\/","article_publisher":"https:\/\/www.facebook.com\/serigraphiemartin","article_modified_time":"2022-03-08T13:46:25+00:00","twitter_misc":{"Dur\u00e9e de lecture estim\u00e9e":"1 minute"},"schema":{"@context":"https:\/\/schema.org","@graph":[{"@type":"WebPage","@id":"https:\/\/photogravuremartin.com\/jpmartin\/contact\/","url":"https:\/\/photogravuremartin.com\/jpmartin\/contact\/","name":"photogravure Bourgoin Jallieu - entreprise impression textile - verriers","isPartOf":{"@id":"https:\/\/photogravuremartin.com\/jpmartin\/#website"},"datePublished":"2021-06-22T09:24:37+00:00","dateModified":"2022-03-08T13:46:25+00:00","description":"N'h\u00e9sitez pas \u00e0 prendre contact pour plus de renseignements. Dernier professionnel ind\u00e9pendant dans le domaine de la gravure textile","breadcrumb":{"@id":"https:\/\/photogravuremartin.com\/jpmartin\/contact\/#breadcrumb"},"inLanguage":"fr-FR","potentialAction":[{"@type":"ReadAction","target":["https:\/\/photogravuremartin.com\/jpmartin\/contact\/"]}]},{"@type":"BreadcrumbList","@id":"https:\/\/photogravuremartin.com\/jpmartin\/contact\/#breadcrumb","itemListElement":[{"@type":"ListItem","position":1,"name":"Accueil","item":"https:\/\/photogravuremartin.com\/jpmartin\/"},{"@type":"ListItem","position":2,"name":"CONTACT"}]},{"@type":"WebSite","@id":"https:\/\/photogravuremartin.com\/jpmartin\/#website","url":"https:\/\/photogravuremartin.com\/jpmartin\/","name":"","description":"Photogravure Martin","publisher":{"@id":"https:\/\/photogravuremartin.com\/jpmartin\/#organization"},"potentialAction":[{"@type":"SearchAction","target":{"@type":"EntryPoint","urlTemplate":"https:\/\/photogravuremartin.com\/jpmartin\/?s={search_term_string}"},"query-input":{"@type":"PropertyValueSpecification","valueRequired":true,"valueName":"search_term_string"}}],"inLanguage":"fr-FR"},{"@type":"Organization","@id":"https:\/\/photogravuremartin.com\/jpmartin\/#organization","name":"PHOTOGRAVURE MARTIN","url":"https:\/\/photogravuremartin.com\/jpmartin\/","logo":{"@type":"ImageObject","inLanguage":"fr-FR","@id":"https:\/\/photogravuremartin.com\/jpmartin\/#\/schema\/logo\/image\/","url":"https:\/\/photogravuremartin.com\/jpmartin\/wp-content\/uploads\/2022\/03\/Sans-titre-5.jpg","contentUrl":"https:\/\/photogravuremartin.com\/jpmartin\/wp-content\/uploads\/2022\/03\/Sans-titre-5.jpg","width":600,"height":600,"caption":"PHOTOGRAVURE MARTIN"},"image":{"@id":"https:\/\/photogravuremartin.com\/jpmartin\/#\/schema\/logo\/image\/"},"sameAs":["https:\/\/www.facebook.com\/serigraphiemartin","https:\/\/www.instagram.com\/serigraphiemartin","https:\/\/www.linkedin.com\/company\/photogravurejp-martin"]}]}},"_links":{"self":[{"href":"https:\/\/photogravuremartin.com\/jpmartin\/wp-json\/wp\/v2\/pages\/111","targetHints":{"allow":["GET"]}}],"collection":[{"href":"https:\/\/photogravuremartin.com\/jpmartin\/wp-json\/wp\/v2\/pages"}],"about":[{"href":"https:\/\/photogravuremartin.com\/jpmartin\/wp-json\/wp\/v2\/types\/page"}],"author":[{"embeddable":true,"href":"https:\/\/photogravuremartin.com\/jpmartin\/wp-json\/wp\/v2\/users\/1"}],"replies":[{"embeddable":true,"href":"https:\/\/photogravuremartin.com\/jpmartin\/wp-json\/wp\/v2\/comments?post=111"}],"version-history":[{"count":24,"href":"https:\/\/photogravuremartin.com\/jpmartin\/wp-json\/wp\/v2\/pages\/111\/revisions"}],"predecessor-version":[{"id":1788,"href":"https:\/\/photogravuremartin.com\/jpmartin\/wp-json\/wp\/v2\/pages\/111\/revisions\/1788"}],"wp:attachment":[{"href":"https:\/\/photogravuremartin.com\/jpmartin\/wp-json\/wp\/v2\/media?parent=111"}],"curies":[{"name":"wp","href":"https:\/\/api.w.org\/{rel}","templated":true}]}}